{"id":4517,"date":"2025-12-09T03:42:39","date_gmt":"2025-12-09T03:42:39","guid":{"rendered":"https:\/\/cautivomx.com\/?post_type=product&#038;p=4517"},"modified":"2025-12-12T03:10:15","modified_gmt":"2025-12-12T03:10:15","slug":"monedero-zodiaco","status":"publish","type":"product","link":"https:\/\/cautivomx.com\/index.php\/product\/monedero-zodiaco\/","title":{"rendered":"Monedero Zodiaco"},"content":{"rendered":"<p>Monedero rectangular ideal para guardar monedas, billetes, tarjetas, llaves, recibos, etc.<\/p>\n<p>Medida: 10 x 13 cms<\/p>\n<p>Material: Sat\u00edn impreso en sublimaci\u00f3n, con forro interior de algod\u00f3n.<\/p>\n<p>Incluye pomp\u00f3n realizado a mano. (El color del pomp\u00f3n y el tama\u00f1o puede variar al de la imagen de esta presentaci\u00f3n, ya que son piezas hechas a mano)<\/p>\n<p>El dise\u00f1o brinda comodidad y garantiza la seguridad de sus cosas. Perfecto para el uso diario, puedes llevarlo a la escuela, ir de compras, trabajar, etc.<\/p>\n","protected":false},"excerpt":{"rendered":"<p>Monedero rectangular ideal para guardar monedas, billetes, tarjetas, llaves, recibos, etc.<\/p>\n<p>Medida: 10 x 13 cms<\/p>\n<p>Material: Sat\u00edn impreso en sublimaci\u00f3n, con forro interior de algod\u00f3n.<\/p>\n<p>Incluye pomp\u00f3n realizado a mano. (El color del pomp\u00f3n y el tama\u00f1o puede variar al de la imagen de esta presentaci\u00f3n, ya que son piezas hechas a mano)<\/p>\n<p>El dise\u00f1o brinda comodidad y garantiza la seguridad de sus cosas. Perfecto para el uso diario, puedes llevarlo a la escuela, ir de compras, trabajar, etc.<\/p>\n","protected":false},"featured_media":4518,"template":"","meta":{"_acf_changed":false},"product_brand":[],"product_cat":[111],"product_tag":[],"class_list":{"0":"post-4517","1":"product","2":"type-product","3":"status-publish","4":"has-post-thumbnail","6":"product_cat-monederos","8":"first","9":"instock","10":"shipping-taxable","11":"purchasable","12":"product-type-simple"},"acf":[],"_links":{"self":[{"href":"https:\/\/cautivomx.com\/index.php\/wp-json\/wp\/v2\/product\/4517","targetHints":{"allow":["GET"]}}],"collection":[{"href":"https:\/\/cautivomx.com\/index.php\/wp-json\/wp\/v2\/product"}],"about":[{"href":"https:\/\/cautivomx.com\/index.php\/wp-json\/wp\/v2\/types\/product"}],"version-history":[{"count":0,"href":"https:\/\/cautivomx.com\/index.php\/wp-json\/wp\/v2\/product\/4517\/revisions"}],"wp:featuredmedia":[{"embeddable":true,"href":"https:\/\/cautivomx.com\/index.php\/wp-json\/wp\/v2\/media\/4518"}],"wp:attachment":[{"href":"https:\/\/cautivomx.com\/index.php\/wp-json\/wp\/v2\/media?parent=4517"}],"wp:term":[{"taxonomy":"product_brand","embeddable":true,"href":"https:\/\/cautivomx.com\/index.php\/wp-json\/wp\/v2\/product_brand?post=4517"},{"taxonomy":"product_cat","embeddable":true,"href":"https:\/\/cautivomx.com\/index.php\/wp-json\/wp\/v2\/product_cat?post=4517"},{"taxonomy":"product_tag","embeddable":true,"href":"https:\/\/cautivomx.com\/index.php\/wp-json\/wp\/v2\/product_tag?post=4517"}],"curies":[{"name":"wp","href":"https:\/\/api.w.org\/{rel}","templated":true}]}}