{"id":4501,"date":"2025-12-08T21:50:24","date_gmt":"2025-12-08T21:50:24","guid":{"rendered":"https:\/\/cautivomx.com\/?post_type=product&#038;p=4501"},"modified":"2025-12-12T03:10:15","modified_gmt":"2025-12-12T03:10:15","slug":"bomber-animas","status":"publish","type":"product","link":"https:\/\/cautivomx.com\/index.php\/product\/bomber-animas\/","title":{"rendered":"BOMBER JACKET \u00c1NIMAS"},"content":{"rendered":"<p>Composici\u00f3n exterior: Poliester Textil microfibra de alta durabilidad, es suave al tacto y fresco, ideal para usarse todo el a\u00f1o.<\/p>\n<p>Talla Mediana<\/p>\n<p>Impreso en sublimaci\u00f3n de alta calidad. La tela NO es el\u00e1stica.<\/p>\n<p>Interior: Calado deportivo que nos garantiza un secado r\u00e1pido y muy c\u00f3modo al tacto.<\/p>\n<p>Cierre met\u00e1lico en acabado pavonado. Muy durable y resistente. El\u00e1stico: 100 % poli\u00e9sterTejido el\u00e1stico (rib) de poli\u00e9ster de alta calidad.<\/p>\n<p>Resistente al lavado sin perder la elasticidad.<\/p>\n<p>La prenda 100% lavable a m\u00e1quina con agua tibia, hasta 30\u00b0 con colores similares.<\/p>\n<p>Usar plancha tibia (No planchar logotipos ni estampados)No utilizar blanqueador. No usar secadora. Escurrir a la sombra, no exprimir.\u00a0Corte regular Varsity. Ideal para usarse todo el a\u00f1o, ya que el textil es delgado.<\/p>\n","protected":false},"excerpt":{"rendered":"<p>Inspirado en siluetas tradicionales y adaptado al estilo contempor\u00e1neo, nuestro kimono unisex es una prenda que combina libertad de movimiento, comodidad y dise\u00f1o art\u00edstico.<\/p>\n<p>Confeccionado en microfibra sublimada con tintas ecol\u00f3gicas, es ligero, fresco y suave al tacto, ideal para usar durante todo el a\u00f1o.<\/p>\n<p>Su corte suelto y fluido lo convierte en una prenda vers\u00e1til que puede usarse como capa ligera, salida de playa o como pieza statement para cualquier ocasi\u00f3n.<\/p>\n<p>Modelo largo \u2013 para un estilo m\u00e1s envolvente y elegante.<\/p>\n<p>Material: Microfibra sublimada con tintas ecol\u00f3gicas<\/p>\n<p>Talla: Unitalla (unisex)<\/p>\n<p>Una pieza \u00fanica que viste con arte, identidad y movimiento<\/p>\n","protected":false},"featured_media":4502,"template":"","meta":{"_acf_changed":false},"product_brand":[],"product_cat":[135,118,120],"product_tag":[],"class_list":{"0":"post-4501","1":"product","2":"type-product","3":"status-publish","4":"has-post-thumbnail","6":"product_cat-bomber-jacket","7":"product_cat-popular","8":"product_cat-ropa","10":"first","11":"instock","12":"purchasable","13":"product-type-simple"},"acf":[],"_links":{"self":[{"href":"https:\/\/cautivomx.com\/index.php\/wp-json\/wp\/v2\/product\/4501","targetHints":{"allow":["GET"]}}],"collection":[{"href":"https:\/\/cautivomx.com\/index.php\/wp-json\/wp\/v2\/product"}],"about":[{"href":"https:\/\/cautivomx.com\/index.php\/wp-json\/wp\/v2\/types\/product"}],"version-history":[{"count":0,"href":"https:\/\/cautivomx.com\/index.php\/wp-json\/wp\/v2\/product\/4501\/revisions"}],"wp:featuredmedia":[{"embeddable":true,"href":"https:\/\/cautivomx.com\/index.php\/wp-json\/wp\/v2\/media\/4502"}],"wp:attachment":[{"href":"https:\/\/cautivomx.com\/index.php\/wp-json\/wp\/v2\/media?parent=4501"}],"wp:term":[{"taxonomy":"product_brand","embeddable":true,"href":"https:\/\/cautivomx.com\/index.php\/wp-json\/wp\/v2\/product_brand?post=4501"},{"taxonomy":"product_cat","embeddable":true,"href":"https:\/\/cautivomx.com\/index.php\/wp-json\/wp\/v2\/product_cat?post=4501"},{"taxonomy":"product_tag","embeddable":true,"href":"https:\/\/cautivomx.com\/index.php\/wp-json\/wp\/v2\/product_tag?post=4501"}],"curies":[{"name":"wp","href":"https:\/\/api.w.org\/{rel}","templated":true}]}}