{"id":4284,"date":"2025-11-19T18:52:26","date_gmt":"2025-11-19T18:52:26","guid":{"rendered":"https:\/\/cautivomx.com\/cautivo\/?post_type=product&#038;p=4284"},"modified":"2025-12-12T03:10:19","modified_gmt":"2025-12-12T03:10:19","slug":"monedero-los-girasoles","status":"publish","type":"product","link":"https:\/\/cautivomx.com\/index.php\/product\/monedero-los-girasoles\/","title":{"rendered":"Monedero Los Girasoles"},"content":{"rendered":"<p>Monedero: Los Girasoles de Vincent van Gogh<\/p>\n<p>Monedero rectangular ideal para guardar monedas, billetes, tarjetas, llaves, recibos, etc.<\/p>\n<p>Medida: 10 x 13 cms<\/p>\n<p>Material: Sat\u00edn impreso en sublimaci\u00f3n, con forro interior de algod\u00f3n.<\/p>\n<p>Incluye pomp\u00f3n realizado a mano. (El color del pomp\u00f3n y el tama\u00f1o puede variar al de la imagen de esta presentaci\u00f3n, ya que son piezas hechas a mano)<\/p>\n<p>El dise\u00f1o brinda comodidad y garantiza la seguridad de sus cosas. Perfecto para el uso diario, puedes llevarlo a la escuela, ir de compras, trabajar, etc.<\/p>\n","protected":false},"excerpt":{"rendered":"<p>Monedero rectangular ideal para guardar monedas, billetes, tarjetas, llaves, recibos, etc.<\/p>\n<p>Medida: 10 x 13 cms<\/p>\n<p>Material: Sat\u00edn impreso en sublimaci\u00f3n, con forro interior de algod\u00f3n.<\/p>\n<p>Incluye pomp\u00f3n realizado a mano. (El color del pomp\u00f3n y el tama\u00f1o puede variar al de la imagen de esta presentaci\u00f3n, ya que son piezas hechas a mano)<\/p>\n<p>El dise\u00f1o brinda comodidad y garantiza la seguridad de sus cosas. Perfecto para el uso diario, puedes llevarlo a la escuela, ir de compras, trabajar, etc.<\/p>\n","protected":false},"featured_media":3760,"template":"","meta":{"_acf_changed":false},"product_brand":[],"product_cat":[111],"product_tag":[86,108,110,115,130],"class_list":{"0":"post-4284","1":"product","2":"type-product","3":"status-publish","4":"has-post-thumbnail","6":"product_cat-monederos","7":"product_tag-bolsa","8":"product_tag-los-girasoles","9":"product_tag-monedero","10":"product_tag-noche-estrellada","11":"product_tag-van-gogh","13":"first","14":"instock","15":"shipping-taxable","16":"purchasable","17":"product-type-simple"},"acf":[],"_links":{"self":[{"href":"https:\/\/cautivomx.com\/index.php\/wp-json\/wp\/v2\/product\/4284","targetHints":{"allow":["GET"]}}],"collection":[{"href":"https:\/\/cautivomx.com\/index.php\/wp-json\/wp\/v2\/product"}],"about":[{"href":"https:\/\/cautivomx.com\/index.php\/wp-json\/wp\/v2\/types\/product"}],"version-history":[{"count":0,"href":"https:\/\/cautivomx.com\/index.php\/wp-json\/wp\/v2\/product\/4284\/revisions"}],"wp:featuredmedia":[{"embeddable":true,"href":"https:\/\/cautivomx.com\/index.php\/wp-json\/wp\/v2\/media\/3760"}],"wp:attachment":[{"href":"https:\/\/cautivomx.com\/index.php\/wp-json\/wp\/v2\/media?parent=4284"}],"wp:term":[{"taxonomy":"product_brand","embeddable":true,"href":"https:\/\/cautivomx.com\/index.php\/wp-json\/wp\/v2\/product_brand?post=4284"},{"taxonomy":"product_cat","embeddable":true,"href":"https:\/\/cautivomx.com\/index.php\/wp-json\/wp\/v2\/product_cat?post=4284"},{"taxonomy":"product_tag","embeddable":true,"href":"https:\/\/cautivomx.com\/index.php\/wp-json\/wp\/v2\/product_tag?post=4284"}],"curies":[{"name":"wp","href":"https:\/\/api.w.org\/{rel}","templated":true}]}}