{"id":4267,"date":"2025-11-19T18:52:24","date_gmt":"2025-11-19T18:52:24","guid":{"rendered":"https:\/\/cautivomx.com\/cautivo\/?post_type=product&#038;p=4267"},"modified":"2025-12-12T19:45:20","modified_gmt":"2025-12-12T19:45:20","slug":"paliacate-xochipilli-negro","status":"publish","type":"product","link":"https:\/\/cautivomx.com\/index.php\/product\/paliacate-xochipilli-negro\/","title":{"rendered":"Paliacate Xochipilli Negro"},"content":{"rendered":"<p>\u00dasalo alrededor del cuello, la cabeza o mu\u00f1eca.<br \/>\nMaterial: Popelina.<br \/>\nMedida: 70 x 70 cms.<br \/>\nImpresi\u00f3n en sublimaci\u00f3n con tintas ecol\u00f3gicas.<br \/>\nLavado en seco. Uso vers\u00e1til.<\/p>\n","protected":false},"excerpt":{"rendered":"<p>\u00dasalo alrededor del cuello, la cabeza o mu\u00f1eca.<br \/>\nMaterial: Popelina.<br \/>\nMedida: 70 x 70 cms.<br \/>\nImpresi\u00f3n en sublimaci\u00f3n con tintas ecol\u00f3gicas.<br \/>\nLavado en seco. Uso vers\u00e1til.<\/p>\n","protected":false},"featured_media":3709,"template":"","meta":{"_acf_changed":false},"product_brand":[],"product_cat":[117,118],"product_tag":[],"class_list":{"0":"post-4267","1":"product","2":"type-product","3":"status-publish","4":"has-post-thumbnail","6":"product_cat-paliacates","7":"product_cat-popular","9":"first","10":"outofstock","11":"shipping-taxable","12":"purchasable","13":"product-type-simple"},"acf":[],"_links":{"self":[{"href":"https:\/\/cautivomx.com\/index.php\/wp-json\/wp\/v2\/product\/4267","targetHints":{"allow":["GET"]}}],"collection":[{"href":"https:\/\/cautivomx.com\/index.php\/wp-json\/wp\/v2\/product"}],"about":[{"href":"https:\/\/cautivomx.com\/index.php\/wp-json\/wp\/v2\/types\/product"}],"version-history":[{"count":0,"href":"https:\/\/cautivomx.com\/index.php\/wp-json\/wp\/v2\/product\/4267\/revisions"}],"wp:featuredmedia":[{"embeddable":true,"href":"https:\/\/cautivomx.com\/index.php\/wp-json\/wp\/v2\/media\/3709"}],"wp:attachment":[{"href":"https:\/\/cautivomx.com\/index.php\/wp-json\/wp\/v2\/media?parent=4267"}],"wp:term":[{"taxonomy":"product_brand","embeddable":true,"href":"https:\/\/cautivomx.com\/index.php\/wp-json\/wp\/v2\/product_brand?post=4267"},{"taxonomy":"product_cat","embeddable":true,"href":"https:\/\/cautivomx.com\/index.php\/wp-json\/wp\/v2\/product_cat?post=4267"},{"taxonomy":"product_tag","embeddable":true,"href":"https:\/\/cautivomx.com\/index.php\/wp-json\/wp\/v2\/product_tag?post=4267"}],"curies":[{"name":"wp","href":"https:\/\/api.w.org\/{rel}","templated":true}]}}