{"id":4266,"date":"2025-11-19T18:52:24","date_gmt":"2025-11-19T18:52:24","guid":{"rendered":"https:\/\/cautivomx.com\/cautivo\/?post_type=product&#038;p=4266"},"modified":"2025-12-12T03:10:21","modified_gmt":"2025-12-12T03:10:21","slug":"aretes-artesanales-diablitos-verdes","status":"publish","type":"product","link":"https:\/\/cautivomx.com\/index.php\/product\/aretes-artesanales-diablitos-verdes\/","title":{"rendered":"Aretes Artesanales Diablitos verdes"},"content":{"rendered":"<p class=\"h6\">MATERIALES:<br \/>\nRealizado principalmente en arcilla ligera, pintados a mano, esmaltados en acr\u00edlico para su<br \/>\nconservaci\u00f3n, componentes de arillos y ganchillos en chapa de oro.<\/p>\n<p>CARACTER\u00cdSTICAS Y TAMA\u00d1O:<br \/>\nEste dise\u00f1o de aretes tiene un grado alto de detalle en su elaboraci\u00f3n y modelado, as\u00ed<br \/>\ncomo en el pintado y decorado de cada pieza.<br \/>\nMedida de 4.5 cm aproximadamente (m\u00e1s pompones)<\/p>\n","protected":false},"excerpt":{"rendered":"<p>MATERIALES:<br \/>\nRealizado principalmente en arcilla ligera, pintados a mano, esmaltados en acr\u00edlico para su<br \/>\nconservaci\u00f3n, componentes de arillos y ganchillos en chapa de oro.<\/p>\n<p>CARACTER\u00cdSTICAS Y TAMA\u00d1O:<br \/>\nEste dise\u00f1o de aretes tiene un grado alto de detalle en su elaboraci\u00f3n y modelado, as\u00ed<br \/>\ncomo en el pintado y decorado de cada pieza.<br \/>\nMedida de 4.5 cm aproximadamente (m\u00e1s pompones)<\/p>\n","protected":false},"featured_media":3707,"template":"","meta":{"_acf_changed":false},"product_brand":[],"product_cat":[106],"product_tag":[],"class_list":{"0":"post-4266","1":"product","2":"type-product","3":"status-publish","4":"has-post-thumbnail","6":"product_cat-joyeria","8":"first","9":"outofstock","10":"shipping-taxable","11":"purchasable","12":"product-type-simple"},"acf":[],"_links":{"self":[{"href":"https:\/\/cautivomx.com\/index.php\/wp-json\/wp\/v2\/product\/4266","targetHints":{"allow":["GET"]}}],"collection":[{"href":"https:\/\/cautivomx.com\/index.php\/wp-json\/wp\/v2\/product"}],"about":[{"href":"https:\/\/cautivomx.com\/index.php\/wp-json\/wp\/v2\/types\/product"}],"version-history":[{"count":0,"href":"https:\/\/cautivomx.com\/index.php\/wp-json\/wp\/v2\/product\/4266\/revisions"}],"wp:featuredmedia":[{"embeddable":true,"href":"https:\/\/cautivomx.com\/index.php\/wp-json\/wp\/v2\/media\/3707"}],"wp:attachment":[{"href":"https:\/\/cautivomx.com\/index.php\/wp-json\/wp\/v2\/media?parent=4266"}],"wp:term":[{"taxonomy":"product_brand","embeddable":true,"href":"https:\/\/cautivomx.com\/index.php\/wp-json\/wp\/v2\/product_brand?post=4266"},{"taxonomy":"product_cat","embeddable":true,"href":"https:\/\/cautivomx.com\/index.php\/wp-json\/wp\/v2\/product_cat?post=4266"},{"taxonomy":"product_tag","embeddable":true,"href":"https:\/\/cautivomx.com\/index.php\/wp-json\/wp\/v2\/product_tag?post=4266"}],"curies":[{"name":"wp","href":"https:\/\/api.w.org\/{rel}","templated":true}]}}