{"id":4224,"date":"2025-11-19T18:52:10","date_gmt":"2025-11-19T18:52:10","guid":{"rendered":"https:\/\/cautivomx.com\/cautivo\/?post_type=product&#038;p=4224"},"modified":"2025-12-12T03:10:23","modified_gmt":"2025-12-12T03:10:23","slug":"ecobolsa-la-noche-estrellada","status":"publish","type":"product","link":"https:\/\/cautivomx.com\/index.php\/product\/ecobolsa-la-noche-estrellada\/","title":{"rendered":"Ecobolsa La Noche Estrellada"},"content":{"rendered":"<p>Ecobolsa La Noche Estrellada.<\/p>\n<p>Hermosa y \u00fatil bolsa ecol\u00f3gica, ligera para hacer tus compras mas eficientes sin contaminar, aguantadora y lavable.<\/p>\n<p>Material: Tafeta\u00e1n impreso en sublimaci\u00f3n con tintas ecol\u00f3gicas.<\/p>\n<p>Medida: 35 x 45 cms. Forro interior de algod\u00f3n. Lavable a mano o lavadora.<\/p>\n<p>Producto Hecho 100% en M\u00e9xico.<\/p>\n","protected":false},"excerpt":{"rendered":"<p>Ecobolsa La Noche Estrellada.<\/p>\n<p>Hermosa y \u00fatil bolsa ecol\u00f3gica, ligera para hacer tus compras mas eficientes sin contaminar, aguantadora y lavable.<\/p>\n<p>Material: Tafeta\u00e1n impreso en sublimaci\u00f3n con tintas ecol\u00f3gicas.<\/p>\n<p>Medida: 35 x 45 cms. Forro interior de algod\u00f3n. Lavable a mano o lavadora.<\/p>\n<p>Producto Hecho 100% en M\u00e9xico.<\/p>\n","protected":false},"featured_media":3663,"template":"","meta":{"_acf_changed":false},"product_brand":[],"product_cat":[131],"product_tag":[],"class_list":{"0":"post-4224","1":"product","2":"type-product","3":"status-publish","4":"has-post-thumbnail","6":"product_cat-bolsa-ecologica","8":"first","9":"instock","10":"shipping-taxable","11":"purchasable","12":"product-type-simple"},"acf":[],"_links":{"self":[{"href":"https:\/\/cautivomx.com\/index.php\/wp-json\/wp\/v2\/product\/4224","targetHints":{"allow":["GET"]}}],"collection":[{"href":"https:\/\/cautivomx.com\/index.php\/wp-json\/wp\/v2\/product"}],"about":[{"href":"https:\/\/cautivomx.com\/index.php\/wp-json\/wp\/v2\/types\/product"}],"version-history":[{"count":0,"href":"https:\/\/cautivomx.com\/index.php\/wp-json\/wp\/v2\/product\/4224\/revisions"}],"wp:featuredmedia":[{"embeddable":true,"href":"https:\/\/cautivomx.com\/index.php\/wp-json\/wp\/v2\/media\/3663"}],"wp:attachment":[{"href":"https:\/\/cautivomx.com\/index.php\/wp-json\/wp\/v2\/media?parent=4224"}],"wp:term":[{"taxonomy":"product_brand","embeddable":true,"href":"https:\/\/cautivomx.com\/index.php\/wp-json\/wp\/v2\/product_brand?post=4224"},{"taxonomy":"product_cat","embeddable":true,"href":"https:\/\/cautivomx.com\/index.php\/wp-json\/wp\/v2\/product_cat?post=4224"},{"taxonomy":"product_tag","embeddable":true,"href":"https:\/\/cautivomx.com\/index.php\/wp-json\/wp\/v2\/product_tag?post=4224"}],"curies":[{"name":"wp","href":"https:\/\/api.w.org\/{rel}","templated":true}]}}