{"id":4223,"date":"2025-11-19T18:52:10","date_gmt":"2025-11-19T18:52:10","guid":{"rendered":"https:\/\/cautivomx.com\/cautivo\/?post_type=product&#038;p=4223"},"modified":"2025-12-12T19:45:26","modified_gmt":"2025-12-12T19:45:26","slug":"paliacate-prehispanico","status":"publish","type":"product","link":"https:\/\/cautivomx.com\/index.php\/product\/paliacate-prehispanico\/","title":{"rendered":"Paliacate Prehisp\u00e1nico"},"content":{"rendered":"<p>\u00dasalo alrededor del cuello, la cabeza o mu\u00f1eca.<\/p>\n<p>Dise\u00f1o: Prehisp\u00e1nico<br \/>\nMaterial: Popelina.<br \/>\nMedida: 70 x 70 cms.<br \/>\nImpresi\u00f3n en sublimaci\u00f3n con tintas ecol\u00f3gicas.<br \/>\nLavado en seco. Uso vers\u00e1til.<\/p>\n","protected":false},"excerpt":{"rendered":"<p>\u00dasalo alrededor del cuello, la cabeza o mu\u00f1eca.<\/p>\n<p>Dise\u00f1o: Prehisp\u00e1nico<br \/>\nMaterial: Popelina.<br \/>\nMedida: 70 x 70 cms.<br \/>\nImpresi\u00f3n en sublimaci\u00f3n con tintas ecol\u00f3gicas.<br \/>\nLavado en seco. Uso vers\u00e1til.<\/p>\n","protected":false},"featured_media":3660,"template":"","meta":{"_acf_changed":false},"product_brand":[],"product_cat":[117],"product_tag":[],"class_list":{"0":"post-4223","1":"product","2":"type-product","3":"status-publish","4":"has-post-thumbnail","6":"product_cat-paliacates","8":"first","9":"outofstock","10":"shipping-taxable","11":"purchasable","12":"product-type-simple"},"acf":[],"_links":{"self":[{"href":"https:\/\/cautivomx.com\/index.php\/wp-json\/wp\/v2\/product\/4223","targetHints":{"allow":["GET"]}}],"collection":[{"href":"https:\/\/cautivomx.com\/index.php\/wp-json\/wp\/v2\/product"}],"about":[{"href":"https:\/\/cautivomx.com\/index.php\/wp-json\/wp\/v2\/types\/product"}],"version-history":[{"count":0,"href":"https:\/\/cautivomx.com\/index.php\/wp-json\/wp\/v2\/product\/4223\/revisions"}],"wp:featuredmedia":[{"embeddable":true,"href":"https:\/\/cautivomx.com\/index.php\/wp-json\/wp\/v2\/media\/3660"}],"wp:attachment":[{"href":"https:\/\/cautivomx.com\/index.php\/wp-json\/wp\/v2\/media?parent=4223"}],"wp:term":[{"taxonomy":"product_brand","embeddable":true,"href":"https:\/\/cautivomx.com\/index.php\/wp-json\/wp\/v2\/product_brand?post=4223"},{"taxonomy":"product_cat","embeddable":true,"href":"https:\/\/cautivomx.com\/index.php\/wp-json\/wp\/v2\/product_cat?post=4223"},{"taxonomy":"product_tag","embeddable":true,"href":"https:\/\/cautivomx.com\/index.php\/wp-json\/wp\/v2\/product_tag?post=4223"}],"curies":[{"name":"wp","href":"https:\/\/api.w.org\/{rel}","templated":true}]}}