{"id":4207,"date":"2025-11-19T18:52:08","date_gmt":"2025-11-19T18:52:08","guid":{"rendered":"https:\/\/cautivomx.com\/cautivo\/?post_type=product&#038;p=4207"},"modified":"2025-12-12T07:01:46","modified_gmt":"2025-12-12T07:01:46","slug":"ecobolsa-milagritos-rosa","status":"publish","type":"product","link":"https:\/\/cautivomx.com\/index.php\/product\/ecobolsa-milagritos-rosa\/","title":{"rendered":"Ecobolsa Milagritos Rosa"},"content":{"rendered":"<p>Dise\u00f1o: Milagritos Rosa<\/p>\n<p class=\"h1 h2\">Hermosa y \u00fatil bolsa ecol\u00f3gica ligera para hacer tus compras m\u00e1s eficientes sin contaminar, aguantadora y lavable.<br \/>\nMaterial: Tafet\u00e1n impreso en sublimaci\u00f3n con tintas ecol\u00f3gicas.<br \/>\nMedida: 35 x 45 cms. Forro interior de algod\u00f3n. Lavable a mano o lavadora.<\/p>\n<p>Producto Hecho 100% en M\u00e9xico<\/p>\n","protected":false},"excerpt":{"rendered":"<p>Dise\u00f1o: Milagritos Rosa<\/p>\n<p class=\"h1 h2\">Hermosa y \u00fatil bolsa ecol\u00f3gica ligera para hacer tus compras m\u00e1s eficientes sin contaminar, aguantadora y lavable.<br \/>\nMaterial: Tafet\u00e1n impreso en sublimaci\u00f3n con tintas ecol\u00f3gicas.<br \/>\nMedida: 35 x 45 cms. Forro interior de algod\u00f3n. Lavable a mano o lavadora.<\/p>\n<p>Producto Hecho 100% en M\u00e9xico<\/p>\n","protected":false},"featured_media":3614,"template":"","meta":{"_acf_changed":false},"product_brand":[],"product_cat":[131],"product_tag":[],"class_list":{"0":"post-4207","1":"product","2":"type-product","3":"status-publish","4":"has-post-thumbnail","6":"product_cat-bolsa-ecologica","8":"first","9":"outofstock","10":"shipping-taxable","11":"purchasable","12":"product-type-simple"},"acf":[],"_links":{"self":[{"href":"https:\/\/cautivomx.com\/index.php\/wp-json\/wp\/v2\/product\/4207","targetHints":{"allow":["GET"]}}],"collection":[{"href":"https:\/\/cautivomx.com\/index.php\/wp-json\/wp\/v2\/product"}],"about":[{"href":"https:\/\/cautivomx.com\/index.php\/wp-json\/wp\/v2\/types\/product"}],"version-history":[{"count":0,"href":"https:\/\/cautivomx.com\/index.php\/wp-json\/wp\/v2\/product\/4207\/revisions"}],"wp:featuredmedia":[{"embeddable":true,"href":"https:\/\/cautivomx.com\/index.php\/wp-json\/wp\/v2\/media\/3614"}],"wp:attachment":[{"href":"https:\/\/cautivomx.com\/index.php\/wp-json\/wp\/v2\/media?parent=4207"}],"wp:term":[{"taxonomy":"product_brand","embeddable":true,"href":"https:\/\/cautivomx.com\/index.php\/wp-json\/wp\/v2\/product_brand?post=4207"},{"taxonomy":"product_cat","embeddable":true,"href":"https:\/\/cautivomx.com\/index.php\/wp-json\/wp\/v2\/product_cat?post=4207"},{"taxonomy":"product_tag","embeddable":true,"href":"https:\/\/cautivomx.com\/index.php\/wp-json\/wp\/v2\/product_tag?post=4207"}],"curies":[{"name":"wp","href":"https:\/\/api.w.org\/{rel}","templated":true}]}}