{"id":4159,"date":"2025-11-19T18:51:55","date_gmt":"2025-11-19T18:51:55","guid":{"rendered":"https:\/\/cautivomx.com\/cautivo\/?post_type=product&#038;p=4159"},"modified":"2025-12-12T03:10:27","modified_gmt":"2025-12-12T03:10:27","slug":"paliacate-san-punzado","status":"publish","type":"product","link":"https:\/\/cautivomx.com\/index.php\/product\/paliacate-san-punzado\/","title":{"rendered":"Paliacate San Punzado"},"content":{"rendered":"<p>\u00dasalo alrededor del cuello, la cabeza o mu\u00f1eca.<\/p>\n<p>Material: Popelina.<\/p>\n<p>Medida: 70 x 70 cms.<\/p>\n<p>Impresi\u00f3n en sublimaci\u00f3n con tintas ecol\u00f3gicas.<\/p>\n<p>Lavado en seco. Uso vers\u00e1til.<\/p>\n","protected":false},"excerpt":{"rendered":"<p>\u00dasalo alrededor del cuello, la cabeza o mu\u00f1eca.<br \/>\nMaterial: Popelina.<br \/>\nMedida: 70 x 70 cms.<br \/>\nImpresi\u00f3n en sublimaci\u00f3n con tintas ecol\u00f3gicas.<br \/>\nLavado en seco. Uso vers\u00e1til.<\/p>\n","protected":false},"featured_media":3521,"template":"","meta":{"_acf_changed":false},"product_brand":[],"product_cat":[117],"product_tag":[],"class_list":{"0":"post-4159","1":"product","2":"type-product","3":"status-publish","4":"has-post-thumbnail","6":"product_cat-paliacates","8":"first","9":"instock","10":"purchasable","11":"product-type-simple"},"acf":[],"_links":{"self":[{"href":"https:\/\/cautivomx.com\/index.php\/wp-json\/wp\/v2\/product\/4159","targetHints":{"allow":["GET"]}}],"collection":[{"href":"https:\/\/cautivomx.com\/index.php\/wp-json\/wp\/v2\/product"}],"about":[{"href":"https:\/\/cautivomx.com\/index.php\/wp-json\/wp\/v2\/types\/product"}],"version-history":[{"count":0,"href":"https:\/\/cautivomx.com\/index.php\/wp-json\/wp\/v2\/product\/4159\/revisions"}],"wp:featuredmedia":[{"embeddable":true,"href":"https:\/\/cautivomx.com\/index.php\/wp-json\/wp\/v2\/media\/3521"}],"wp:attachment":[{"href":"https:\/\/cautivomx.com\/index.php\/wp-json\/wp\/v2\/media?parent=4159"}],"wp:term":[{"taxonomy":"product_brand","embeddable":true,"href":"https:\/\/cautivomx.com\/index.php\/wp-json\/wp\/v2\/product_brand?post=4159"},{"taxonomy":"product_cat","embeddable":true,"href":"https:\/\/cautivomx.com\/index.php\/wp-json\/wp\/v2\/product_cat?post=4159"},{"taxonomy":"product_tag","embeddable":true,"href":"https:\/\/cautivomx.com\/index.php\/wp-json\/wp\/v2\/product_tag?post=4159"}],"curies":[{"name":"wp","href":"https:\/\/api.w.org\/{rel}","templated":true}]}}