{"id":4051,"date":"2025-11-19T18:51:27","date_gmt":"2025-11-19T18:51:27","guid":{"rendered":"https:\/\/cautivomx.com\/cautivo\/?post_type=product&#038;p=4051"},"modified":"2025-12-12T07:08:37","modified_gmt":"2025-12-12T07:08:37","slug":"tote-flamenco","status":"publish","type":"product","link":"https:\/\/cautivomx.com\/index.php\/product\/tote-flamenco\/","title":{"rendered":"TOTE FLAMENCO"},"content":{"rendered":"<p>Material de alta calidad: Loneta de uso a largo plazo.<br \/>\nGran capacidad: El tama\u00f1o de la bolsa es de 34 cms abertura, x 52 cms de altura y 45 cms de base.<br \/>\nUso vers\u00e1til: Dise\u00f1o liviano, ideal como bolso de compras, mochila o bolsa de viaje, para un d\u00eda de campo, la escuela, el mandado y viajes diarios.<br \/>\nIncluye un hermoso bagcharm realizado 100% a mano y pieza para llavero.<\/p>\n<p>El color, dise\u00f1o y tama\u00f1o del bagcharm puede variar a como se muestra en el foto \u2013 ya que cada pieza es hecha a mano y no son siempre iguales.<\/p>\n","protected":false},"excerpt":{"rendered":"<p>Material de alta calidad: Loneta de uso a largo plazo.<br \/>\nGran capacidad: El tama\u00f1o de la bolsa es de 34 cms abertura, x 52 cms de altura y 45 cms de base.<br \/>\nUso vers\u00e1til: Dise\u00f1o liviano, ideal como bolso de compras, mochila o bolsa de viaje, para un d\u00eda de campo, la escuela, el mandado y viajes diarios.<br \/>\nIncluye un hermoso bagcharm realizado 100% a mano y pieza para llavero.<\/p>\n<p>El color, dise\u00f1o y tama\u00f1o del bagcharm puede variar a como se muestra en el foto \u2013 ya que cada pieza es hecha a mano y no son siempre iguales.<\/p>\n","protected":false},"featured_media":3368,"template":"","meta":{"_acf_changed":false},"product_brand":[],"product_cat":[134,87],"product_tag":[],"class_list":{"0":"post-4051","1":"product","2":"type-product","3":"status-publish","4":"has-post-thumbnail","6":"product_cat-bolsa-tote","7":"product_cat-bolsas","9":"first","10":"outofstock","11":"purchasable","12":"product-type-simple"},"acf":[],"_links":{"self":[{"href":"https:\/\/cautivomx.com\/index.php\/wp-json\/wp\/v2\/product\/4051","targetHints":{"allow":["GET"]}}],"collection":[{"href":"https:\/\/cautivomx.com\/index.php\/wp-json\/wp\/v2\/product"}],"about":[{"href":"https:\/\/cautivomx.com\/index.php\/wp-json\/wp\/v2\/types\/product"}],"version-history":[{"count":0,"href":"https:\/\/cautivomx.com\/index.php\/wp-json\/wp\/v2\/product\/4051\/revisions"}],"wp:featuredmedia":[{"embeddable":true,"href":"https:\/\/cautivomx.com\/index.php\/wp-json\/wp\/v2\/media\/3368"}],"wp:attachment":[{"href":"https:\/\/cautivomx.com\/index.php\/wp-json\/wp\/v2\/media?parent=4051"}],"wp:term":[{"taxonomy":"product_brand","embeddable":true,"href":"https:\/\/cautivomx.com\/index.php\/wp-json\/wp\/v2\/product_brand?post=4051"},{"taxonomy":"product_cat","embeddable":true,"href":"https:\/\/cautivomx.com\/index.php\/wp-json\/wp\/v2\/product_cat?post=4051"},{"taxonomy":"product_tag","embeddable":true,"href":"https:\/\/cautivomx.com\/index.php\/wp-json\/wp\/v2\/product_tag?post=4051"}],"curies":[{"name":"wp","href":"https:\/\/api.w.org\/{rel}","templated":true}]}}