{"id":4004,"date":"2025-11-19T18:51:12","date_gmt":"2025-11-19T18:51:12","guid":{"rendered":"https:\/\/cautivomx.com\/cautivo\/?post_type=product&#038;p=4004"},"modified":"2025-12-12T07:03:16","modified_gmt":"2025-12-12T07:03:16","slug":"origami-milagritos","status":"publish","type":"product","link":"https:\/\/cautivomx.com\/index.php\/product\/origami-milagritos\/","title":{"rendered":"ORIGAMI MILAGRITOS"},"content":{"rendered":"<p>Inspirada en las bolsas Azuma Bukuro.<br \/>\nMaterial de alta calidad: Loneta de uso a largo plazo.<br \/>\nGran capacidad: El tama\u00f1o de la bolsa es de 52 cms de base por 58 cms de altura.<br \/>\nCuenta con broche de im\u00e1n, forro y bolso interior para guardar cartera, celular, etc. Asas de cadena met\u00e1lica.<br \/>\nUso vers\u00e1til: La bolsa origami tiene una forma de tri\u00e1ngulo \u00fanica, es ligera, espaciosa y se puede doblar y guardar en una bolsa mas grande o maleta para que la lleves siempre contigo.<br \/>\nIncluye un hermoso bagcharm realizado 100% a mano y pieza para llavero.<\/p>\n<p>El color, dise\u00f1o y tama\u00f1o del bagcharm puede variar a como se muestra en el foto \u2013 ya que cada pieza es hecha a mano y no son siempre iguales.<\/p>\n","protected":false},"excerpt":{"rendered":"<p>Inspirada en las bolsas Azuma Bukuro.<br \/>\nMaterial de alta calidad: Loneta de uso a largo plazo.<br \/>\nGran capacidad: El tama\u00f1o de la bolsa es de 52 cms de base por 58 cms de altura.<br \/>\nCuenta con broche de im\u00e1n, forro y bolso interior para guardar cartera, celular, etc. Asas de cadena met\u00e1lica.<br \/>\nUso vers\u00e1til: La bolsa origami tiene una forma de tri\u00e1ngulo \u00fanica, es ligera, espaciosa y se puede doblar y guardar en una bolsa mas grande o maleta para que la lleves siempre contigo.<br \/>\nIncluye un hermoso bagcharm realizado 100% a mano y pieza para llavero.<\/p>\n<p>El color, dise\u00f1o y tama\u00f1o del bagcharm puede variar a como se muestra en el foto \u2013 ya que cada pieza es hecha a mano y no son siempre iguales.<\/p>\n","protected":false},"featured_media":3306,"template":"","meta":{"_acf_changed":false},"product_brand":[],"product_cat":[133,87],"product_tag":[],"class_list":{"0":"post-4004","1":"product","2":"type-product","3":"status-publish","4":"has-post-thumbnail","6":"product_cat-bolsa-origami","7":"product_cat-bolsas","9":"first","10":"outofstock","11":"purchasable","12":"product-type-simple"},"acf":[],"_links":{"self":[{"href":"https:\/\/cautivomx.com\/index.php\/wp-json\/wp\/v2\/product\/4004","targetHints":{"allow":["GET"]}}],"collection":[{"href":"https:\/\/cautivomx.com\/index.php\/wp-json\/wp\/v2\/product"}],"about":[{"href":"https:\/\/cautivomx.com\/index.php\/wp-json\/wp\/v2\/types\/product"}],"version-history":[{"count":0,"href":"https:\/\/cautivomx.com\/index.php\/wp-json\/wp\/v2\/product\/4004\/revisions"}],"wp:featuredmedia":[{"embeddable":true,"href":"https:\/\/cautivomx.com\/index.php\/wp-json\/wp\/v2\/media\/3306"}],"wp:attachment":[{"href":"https:\/\/cautivomx.com\/index.php\/wp-json\/wp\/v2\/media?parent=4004"}],"wp:term":[{"taxonomy":"product_brand","embeddable":true,"href":"https:\/\/cautivomx.com\/index.php\/wp-json\/wp\/v2\/product_brand?post=4004"},{"taxonomy":"product_cat","embeddable":true,"href":"https:\/\/cautivomx.com\/index.php\/wp-json\/wp\/v2\/product_cat?post=4004"},{"taxonomy":"product_tag","embeddable":true,"href":"https:\/\/cautivomx.com\/index.php\/wp-json\/wp\/v2\/product_tag?post=4004"}],"curies":[{"name":"wp","href":"https:\/\/api.w.org\/{rel}","templated":true}]}}