{"id":607,"date":"2017-05-12T00:43:49","date_gmt":"2017-05-12T00:43:49","guid":{"rendered":"http:\/\/sebian.la-studioweb.com\/?page_id=607"},"modified":"2017-05-12T00:43:49","modified_gmt":"2017-05-12T00:43:49","slug":"pescaditos-de-oro","status":"publish","type":"page","link":"https:\/\/cautivomx.com\/index.php\/pescaditos-de-oro\/","title":{"rendered":"Pescaditos de oro"},"content":{"rendered":"<p>[vc_row full_width=&quot;stretch_row_content_no_spaces&quot; css=&quot;.vc_custom_1709933553661{background-image: url(https:\/\/cautivomx.com\/cautivo\/wp-content\/uploads\/2024\/03\/pesca.png?id=2409 !important;background-position: center !important;background-repeat: no-repeat !important;background-size: cover !important;}&quot;][vc_column][la_divider height=&quot;xlg:550px;lg:400px;md:300px;&quot;][\/vc_column][\/vc_row][vc_row][vc_column][la_heading tag=&quot;h3&quot; title=&quot;Pescaditos de oro&quot; subtitle_class=&quot;custom-subheading&quot;]<span style=\"color: #333333;\"><em><strong>Joyer\u00eda de Autor<\/strong><\/em><\/span>[\/la_heading][vc_column_text el_class=&#8221;font-size-14 text-center&#8221;]Pescaditos de Oro nace en 2020 con la idea clara y c\u00e1lida de reinterpretar lo tradicional. Somos un taller de joyer\u00eda y accesorios que encuentra inspiraci\u00f3n en el folklore y los colores que dibujan a nuestro M\u00e9xico y su gente; nos abrazamos a nuestras ra\u00edces y as\u00ed creamos piezas \u00fanicas. \u00a1Esto nos emociona, cautiva y llena de gozo!<\/p>\n<p>En cada pieza se plasman minuciosos detalles elaborados a partir de nuestro proceso de ARTE-SANO.<\/p>\n<p>Pescaditos de Oro \u00ae es una marca debidamente registrada ante Instituto Mexicano de la Propiedad Industrial (IMPI)[\/vc_column_text][\/vc_column][\/vc_row][vc_row][vc_column][la_heading tag=&#8221;h4&#8243; title=&#8221;TIENDA EN L\u00cdNEA &#8221; subtitle_class=&#8221;custom-subheading&#8221;]<span style=\"color: #333333;\"><strong><a style=\"color: #333333;\" href=\"https:\/\/cautivomx.com\/cautivo\/product-category\/accesorios\/joyeria\/\">Compra nuestras piezas de joyer\u00eda<\/a><\/strong><\/span>[\/la_heading][la_divider height=&#8221;lg:20px;&#8221;][la_heading tag=&#8221;h3&#8243; title=&#8221;\u00bfQuieres conocer mas modelos de joyer\u00eda artesanal? Visita nuestro instagram&#8221; subtitle_class=&#8221;custom-subheading&#8221;]<strong><span style=\"color: #333333;\"><a style=\"color: #333333;\" href=\"https:\/\/www.instagram.com\/pescaditos.de.oro\/\">Pescaditos de Oro en Instragram<\/a><\/span><\/strong>[\/la_heading][la_divider height=&#8221;lg:40px;&#8221;][\/vc_column][\/vc_row]<\/p>\n","protected":false},"excerpt":{"rendered":"<p>[vc_row full_width=&quot;stretch_row_content_no_spaces&quot; css=&quot;.vc_custom_1709933553661{background-image: url(https:\/\/cautivomx.com\/cautivo\/wp-content\/uploads\/2024\/03\/pesca.png?id=2409 !important;background-position: center !important;background-repeat: no-repeat !important;background-size: cover !important;}&quot;][vc_column][la_divider height=&quot;xlg:550px;lg:400px;md:300px;&quot;][\/vc_column][\/vc_row][vc_row][vc_column][la_heading tag=&quot;h3&quot; title=&quot;Pescaditos de oro&quot; subtitle_class=&quot;custom-subheading&quot;]Joyer\u00eda de Autor[\/la_heading][vc_column_text el_class=&#8221;font-size-14&#8230;<\/p>\n","protected":false},"author":1,"featured_media":0,"parent":0,"menu_order":0,"comment_status":"closed","ping_status":"closed","template":"elementor_theme","meta":{"_acf_changed":false,"footnotes":""},"class_list":["post-607","page","type-page","status-publish","hentry"],"acf":[],"_links":{"self":[{"href":"https:\/\/cautivomx.com\/index.php\/wp-json\/wp\/v2\/pages\/607","targetHints":{"allow":["GET"]}}],"collection":[{"href":"https:\/\/cautivomx.com\/index.php\/wp-json\/wp\/v2\/pages"}],"about":[{"href":"https:\/\/cautivomx.com\/index.php\/wp-json\/wp\/v2\/types\/page"}],"author":[{"embeddable":true,"href":"https:\/\/cautivomx.com\/index.php\/wp-json\/wp\/v2\/users\/1"}],"replies":[{"embeddable":true,"href":"https:\/\/cautivomx.com\/index.php\/wp-json\/wp\/v2\/comments?post=607"}],"version-history":[{"count":0,"href":"https:\/\/cautivomx.com\/index.php\/wp-json\/wp\/v2\/pages\/607\/revisions"}],"wp:attachment":[{"href":"https:\/\/cautivomx.com\/index.php\/wp-json\/wp\/v2\/media?parent=607"}],"curies":[{"name":"wp","href":"https:\/\/api.w.org\/{rel}","templated":true}]}}