{"id":2404,"date":"2024-07-24T13:20:12","date_gmt":"2024-07-24T19:20:12","guid":{"rendered":"https:\/\/cautivomx.com\/?page_id=2404"},"modified":"2024-07-24T13:20:12","modified_gmt":"2024-07-24T19:20:12","slug":"about-2","status":"publish","type":"page","link":"https:\/\/cautivomx.com\/index.php\/about-2\/","title":{"rendered":"Sobre nosotros"},"content":{"rendered":"<p>[vc_row full_width=&quot;stretch_row_content_no_spaces&quot; css=&quot;.vc_custom_1744245399055{background-image: url(https:\/\/cautivomx.com\/cautivo\/wp-content\/uploads\/2025\/04\/Sin-titulo-1fggfdgfgf.jpg?id=2446 !important;background-position: center !important;background-repeat: no-repeat !important;background-size: cover !important;}&quot;][vc_column][la_divider height=&quot;xlg:550px;lg:400px;md:300px;&quot;][\/vc_column][\/vc_row][vc_row][vc_column][la_heading tag=&quot;h3&quot; title=&quot;CAUTIVO&quot; subtitle_class=&quot;custom-subheading&quot;]Inspirador[\/la_heading][vc_single_image image=&quot;1347&quot; img_size=&quot;full&quot; alignment=&quot;center&quot;][vc_column_text el_class=&quot;font-size-14 text-center&quot;]<span style=\"color: #808080;\">CAUTIVO es un museo de moda y decoraci\u00f3n que busca acercar a la gente al arte a trav\u00e9s de art\u00edculos de uso cotidiano, que est\u00e9n al alcance de cualquiera, con un toque de originalidad y dise\u00f1o. Trabajamos bajo la filosof\u00eda de moda lenta y trabajo \u00e9tico, lo que vuelve nuestro producto amigable con el ambiente, utilizamos tintas ecol\u00f3gicas en nuestros textiles y el cari\u00f1o que ponemos en nuestro trabajo se nota en el resultado final y en la calidad del producto. Ning\u00fan producto se produce en serie, esto permite a cada uno de nuestros art\u00edculos tener su propia esencia.<\/span><\/p>\n<p dir=\"auto\"><span style=\"color: #808080;\">Hemos trabajado para personalidades como <em>Ofelia Medina<\/em>, <i>Ana Martin, Astrid Hadad<\/i>, y hemos realizado dise\u00f1os especiales para figuras como\u00a0<i>Silvia Pinal, Elsa Aguirre, Arcelia Ram\u00edrez, Lorena Vel\u00e1zquez, Alma Rosa Aguirre, Jacqueline Andere, Amandititita<\/i>,\u00a0 y algunos deportistas de artes marciales mixtas como <em>Teco Qui\u00f1onez, Masio Fullen, Drako Cossio, entre otros.<\/em><\/span><\/p>\n<p dir=\"auto\"><span style=\"color: #808080;\">Hemos sido patrocinadores oficiales del Festival Internacional de Cine de Guadalajara, que es una de las muestras cinematogr\u00e1ficas m\u00e1s importante de Am\u00e9rica Latina.<\/span><\/p>\n<div dir=\"auto\"><span style=\"color: #808080;\">Tenemos puntos de venta en la ciudad de Le\u00f3n, Guanajuato Capital, Quer\u00e9taro, Puerto Vallarta, P\u00e1tzcuaro, Canc\u00fan y Ciudad de M\u00e9xico, as\u00ed como tambi\u00e9n en el <i>Museo Kaluz, Museo de Arte Popular, Museo Franz Mayer y Antiguo Colegio de San Ildefonso<\/i>. En Estados Unidos contamos con presencia en las ciudades de Dallas, Washington, Los \u00c1ngeles, San Diego, Holland y Forth Worth.<\/span><\/div>\n<div dir=\"auto\"><\/div>\n<p><span style=\"color: #808080;\">Nuestros dise\u00f1os est\u00e1n\u00a0registrados ante\u00a0<b>INDAUTOR, <\/b>de igual manera Cautivo es una marca debidamente registrada ante<b>\u00a0IMPI<\/b>\u00a0y cuenta con el distintivo\u00a0<b>Marca Guanajuato<\/b>\u00a0que es un s\u00edmbolo de calidad, referencia comercial y compromiso empresarial, que se da a empresas del estado de Guanajuato.<\/span><\/p>\n<p><span style=\"color: #808080;\">Todas nuestras piezas son hechas en M\u00e9xico.<\/span><\/p>\n<p><img decoding=\"async\" class=\"alignnone wp-image-1927\" src=\"https:\/\/cautivomx.com\/cautivo\/wp-content\/uploads\/2021\/08\/marca-gto-logo-282x300.png\" alt=\"\" width=\"148\" height=\"157\" \/><\/p>\n<p><span style=\"color: #ff0000;\"><a style=\"color: #ff0000;\" href=\"https:\/\/cautivomx.com\/cautivo\/wp-content\/uploads\/2025\/07\/CATALOGO-2025-FINAL.pdf\">Descarga nuestro cat\u00e1logo m\u00e1s reciente (PDF)<\/a><\/span>[\/vc_column_text][\/vc_column][\/vc_row][vc_row][vc_column][la_divider height=&#8221;lg:20px;&#8221;][la_heading tag=&#8221;h3&#8243; title=&#8221;Productos&#8221; subtitle_class=&#8221;custom-subheading&#8221;]<span style=\"color: #808080;\">Nuestros art\u00edculos principales<\/span>[\/la_heading][la_divider height=&#8221;lg:40px;&#8221;][\/vc_column][\/vc_row][vc_row][vc_column width=&#8221;1\/4&#8243;][la_icon_boxes icon_fontawesome=&#8221;fab fa-gratipay&#8221; icon_pos=&#8221;top&#8221; icon_style=&#8221;circle&#8221; icon_size=&#8221;30&#8243; icon_width=&#8221;80&#8243; icon_color=&#8221;#ffffff&#8221; el_class=&#8221;text-center&#8221; title_fz=&#8221;lg:12px;&#8221; title_class=&#8221;letter-spacing-2&#8243; desc_class=&#8221;letter-spacing-1&#8243;]<\/p>\n<div style=\"color: #353535;\">Bolsa Origami<br \/>\nBolsa Tote<br \/>\nRuanas<br \/>\nHuipiles<\/div>\n<p>[\/la_icon_boxes][\/vc_column][vc_column width=&#8221;1\/4&#8243;][la_icon_boxes icon_fontawesome=&#8221;fab fa-gratipay&#8221; icon_pos=&#8221;top&#8221; icon_style=&#8221;circle&#8221; icon_size=&#8221;30&#8243; icon_width=&#8221;80&#8243; icon_color=&#8221;#ffffff&#8221; el_class=&#8221;text-center&#8221; title_fz=&#8221;lg:12px;&#8221; title_class=&#8221;letter-spacing-2&#8243; desc_class=&#8221;letter-spacing-1&#8243;]<\/p>\n<div style=\"color: #353535;\">Joyer\u00eda Artesanal<br \/>\nMonederos<br \/>\nMascadas<br \/>\nCosmetiqueras<\/div>\n<p>[\/la_icon_boxes][\/vc_column][vc_column width=&#8221;1\/4&#8243;][la_icon_boxes icon_fontawesome=&#8221;fab fa-gratipay&#8221; icon_pos=&#8221;top&#8221; icon_style=&#8221;circle&#8221; icon_size=&#8221;30&#8243; icon_width=&#8221;80&#8243; icon_color=&#8221;#ffffff&#8221; el_class=&#8221;text-center&#8221; title_fz=&#8221;lg:12px;&#8221; title_class=&#8221;letter-spacing-2&#8243; desc_class=&#8221;letter-spacing-1&#8243;]<\/p>\n<div style=\"color: #353535;\">Blusas<br \/>\nPaliacates<br \/>\nFoulards<br \/>\nBucket Hats<\/div>\n<p>[\/la_icon_boxes][\/vc_column][vc_column width=&#8221;1\/4&#8243;][la_icon_boxes icon_fontawesome=&#8221;fab fa-gratipay&#8221; icon_pos=&#8221;top&#8221; icon_style=&#8221;circle&#8221; icon_size=&#8221;30&#8243; icon_width=&#8221;80&#8243; icon_color=&#8221;#ffffff&#8221; el_class=&#8221;text-center&#8221; title_fz=&#8221;lg:12px;&#8221; title_class=&#8221;letter-spacing-2&#8243; desc_class=&#8221;letter-spacing-1&#8243;]<\/p>\n<div style=\"color: #353535;\">Caminos de Mesa<br \/>\nKimonos<br \/>\nPantalones<br \/>\nShorts<\/div>\n<div><\/div>\n<p>[\/la_icon_boxes][\/vc_column][\/vc_row]<\/p>\n","protected":false},"excerpt":{"rendered":"<p>[vc_row full_width=&quot;stretch_row_content_no_spaces&quot; css=&quot;.vc_custom_1744245399055{background-image: url(https:\/\/cautivomx.com\/cautivo\/wp-content\/uploads\/2025\/04\/Sin-titulo-1fggfdgfgf.jpg?id=2446 !important;background-position: center !important;background-repeat: no-repeat !important;background-size: cover !important;}&quot;][vc_column][la_divider height=&quot;xlg:550px;lg:400px;md:300px;&quot;][\/vc_column][\/vc_row][vc_row][vc_column][la_heading tag=&quot;h3&quot; title=&quot;CAUTIVO&quot; subtitle_class=&quot;custom-subheading&quot;]Inspirador[\/la_heading][vc_single_image image=&quot;1347&quot; img_size=&quot;full&quot; alignment=&quot;center&quot;][vc_column_text el_class=&quot;font-size-14 text-center&quot;]CAUTIVO&#8230;<\/p>\n","protected":false},"author":1,"featured_media":0,"parent":0,"menu_order":0,"comment_status":"closed","ping_status":"closed","template":"elementor_theme","meta":{"_acf_changed":false,"footnotes":""},"class_list":["post-2404","page","type-page","status-publish","hentry"],"acf":[],"_links":{"self":[{"href":"https:\/\/cautivomx.com\/index.php\/wp-json\/wp\/v2\/pages\/2404","targetHints":{"allow":["GET"]}}],"collection":[{"href":"https:\/\/cautivomx.com\/index.php\/wp-json\/wp\/v2\/pages"}],"about":[{"href":"https:\/\/cautivomx.com\/index.php\/wp-json\/wp\/v2\/types\/page"}],"author":[{"embeddable":true,"href":"https:\/\/cautivomx.com\/index.php\/wp-json\/wp\/v2\/users\/1"}],"replies":[{"embeddable":true,"href":"https:\/\/cautivomx.com\/index.php\/wp-json\/wp\/v2\/comments?post=2404"}],"version-history":[{"count":0,"href":"https:\/\/cautivomx.com\/index.php\/wp-json\/wp\/v2\/pages\/2404\/revisions"}],"wp:attachment":[{"href":"https:\/\/cautivomx.com\/index.php\/wp-json\/wp\/v2\/media?parent=2404"}],"curies":[{"name":"wp","href":"https:\/\/api.w.org\/{rel}","templated":true}]}}